{"id":139,"date":"2023-09-17T17:10:38","date_gmt":"2023-09-17T08:10:38","guid":{"rendered":"https:\/\/edo-business.jp\/?page_id=139"},"modified":"2024-05-22T13:02:03","modified_gmt":"2024-05-22T04:02:03","slug":"medical_services","status":"publish","type":"page","link":"https:\/\/www.edo-business.jp\/vi\/medical_services\/","title":{"rendered":"D\u1ecbch v\u1ee5 y t\u1ebf"},"content":{"rendered":"\n<p><span data-fontSize=\"21px\" style=\"font-size: 21px;\" class=\"vk_inline-font-size\"><strong><em>S\u1ee9c kh\u1ecfe c\u1ee7a b\u1ea1n l\u00e0 m\u1ed1i quan t\u00e2m h\u00e0ng \u0111\u1ea7u c\u1ee7a ch\u00fang t\u00f4i!<\/em><\/strong><\/span><\/p>\n\n\n\n<figure class=\"wp-block-image size-large\"><img loading=\"lazy\" decoding=\"async\" width=\"1024\" height=\"323\" src=\"https:\/\/www.edo-business.jp\/wp-content\/uploads\/2023\/09\/Medical_PC-1024x323.png\" alt=\"\" class=\"wp-image-532\" srcset=\"https:\/\/www.edo-business.jp\/wp-content\/uploads\/2023\/09\/Medical_PC-1024x323.png 1024w, https:\/\/www.edo-business.jp\/wp-content\/uploads\/2023\/09\/Medical_PC-300x95.png 300w, https:\/\/www.edo-business.jp\/wp-content\/uploads\/2023\/09\/Medical_PC-768x243.png 768w, https:\/\/www.edo-business.jp\/wp-content\/uploads\/2023\/09\/Medical_PC-1536x485.png 1536w, https:\/\/www.edo-business.jp\/wp-content\/uploads\/2023\/09\/Medical_PC.png 1900w\" sizes=\"auto, (max-width: 1024px) 100vw, 1024px\" \/><\/figure>\n\n\n\n<p><\/p>\n\n\n\n<p>D\u1ecbch v\u1ee5 ch\u0103m s\u00f3c s\u1ee9c kh\u1ecfe bao g\u1ed3m \u0111\u1ed9i ng\u0169 b\u00e1c s\u0129 t\u01b0 v\u1ea5n t\u1ed1t nghi\u1ec7p tr\u01b0\u1eddng \u0111\u1ea1i h\u1ecdc y n\u1ed5i ti\u1ebfng nh\u1ea5t Nh\u1eadt B\u1ea3n, \u0111\u1ed9i ng\u0169 \u0111i\u1ec1u ph\u1ed1i vi\u00ean y t\u1ebf v\u00e0 \u0111\u1ed9i ng\u0169 phi\u00ean d\u1ecbch y t\u1ebf gi\u00e0u kinh nghi\u1ec7m. T\u01b0 v\u1ea5n ch\u0103m s\u00f3c s\u1ee9c kh\u1ecfe v\u00e0 k\u1ebft n\u1ed1i b\u1ea1n v\u1edbi h\u1ec7 th\u1ed1ng b\u1ec7nh vi\u1ec7n t\u1ed1t nh\u1ea5t, \u0111\u1ed9i ng\u0169 y t\u1ebf ti\u00ean ti\u1ebfn nh\u1ea5t, ph\u00f9 h\u1ee3p nh\u1ea5t v\u1edbi s\u1ee9c kh\u1ecfe c\u1ee7a b\u1ea1n.<\/p>\n","protected":false},"excerpt":{"rendered":"<p>S\u1ee9c kh\u1ecfe c\u1ee7a b\u1ea1n l\u00e0 m\u1ed1i quan t\u00e2m h\u00e0ng \u0111\u1ea7u c\u1ee7a ch\u00fang t\u00f4i! D\u1ecbch v\u1ee5 ch\u0103m s\u00f3c s\u1ee9c kh\u1ecfe bao g\u1ed3m \u0111\u1ed9i ng\u0169 b\u00e1c s\u0129 t\u01b0 v\u1ea5n t\u1ed1t nghi\u1ec7p tr\u01b0\u1eddng \u0111\u1ea1i h\u1ecdc y n\u1ed5i ti\u1ebfng nh\u1ea5t Nh\u1eadt B\u1ea3n, \u0111\u1ed9i ng\u0169 \u0111i\u1ec1u ph\u1ed1i vi\u00ean y t\u1ebf v\u00e0 \u0111\u1ed9i ng\u0169 phi\u00ean d\u1ecbch y t\u1ebf gi\u00e0u kinh nghi\u1ec7m. [&hellip;]<\/p>\n","protected":false},"author":1,"featured_media":0,"parent":0,"menu_order":0,"comment_status":"closed","ping_status":"closed","template":"","meta":{"_locale":"vi","_original_post":"https:\/\/edo-business.jp\/?page_id=135","vkexunit_cta_each_option":"","footnotes":""},"class_list":["post-139","page","type-page","status-publish","has-post-thumbnail","hentry","vi"],"_links":{"self":[{"href":"https:\/\/www.edo-business.jp\/wp-json\/wp\/v2\/pages\/139","targetHints":{"allow":["GET"]}}],"collection":[{"href":"https:\/\/www.edo-business.jp\/wp-json\/wp\/v2\/pages"}],"about":[{"href":"https:\/\/www.edo-business.jp\/wp-json\/wp\/v2\/types\/page"}],"author":[{"embeddable":true,"href":"https:\/\/www.edo-business.jp\/wp-json\/wp\/v2\/users\/1"}],"replies":[{"embeddable":true,"href":"https:\/\/www.edo-business.jp\/wp-json\/wp\/v2\/comments?post=139"}],"version-history":[{"count":13,"href":"https:\/\/www.edo-business.jp\/wp-json\/wp\/v2\/pages\/139\/revisions"}],"predecessor-version":[{"id":729,"href":"https:\/\/www.edo-business.jp\/wp-json\/wp\/v2\/pages\/139\/revisions\/729"}],"wp:attachment":[{"href":"https:\/\/www.edo-business.jp\/wp-json\/wp\/v2\/media?parent=139"}],"curies":[{"name":"wp","href":"https:\/\/api.w.org\/{rel}","templated":true}]}}