{"id":145,"date":"2023-09-17T17:13:53","date_gmt":"2023-09-17T08:13:53","guid":{"rendered":"https:\/\/edo-business.jp\/?page_id=145"},"modified":"2024-06-02T12:41:45","modified_gmt":"2024-06-02T03:41:45","slug":"touris_services","status":"publish","type":"page","link":"https:\/\/www.edo-business.jp\/vi\/touris_services\/","title":{"rendered":"Du l\u1ecbch Nh\u1eadt B\u1ea3n c\u00f9ng v\u1edbi EDO Business"},"content":{"rendered":"\n<p><\/p>\n\n\n\n<div class=\"wp-block-columns are-vertically-aligned-center vk-cols--fit vk-cols--grid is-layout-flex wp-container-core-columns-is-layout-28f84493 wp-block-columns-is-layout-flex\">\n<div class=\"wp-block-column is-vertically-aligned-center is-layout-flow wp-block-column-is-layout-flow\" style=\"padding-top:3em;padding-right:3em;padding-bottom:3em;padding-left:0em\">\n<p><\/p>\n\n\n\n<ul class=\"wp-block-list\" id=\"block-5e7b498d-af3f-4346-bd46-e4da45f953b1\">\n<li><em>Ch\u00fang t\u00f4i h\u01b0\u1edbng \u0111\u1ebfn \u0111\u01b0a c\u00e1c b\u1ea1n kh\u00e1m ph\u00e1 nh\u1eefng \u0111i\u1ec3m du l\u1ecbch m\u1edbi l\u1ea1. <\/em><\/li>\n\n\n\n<li><em>Nh\u1eefng kho\u1ea3nh kh\u1eafc, g\u00f3c nh\u00ecn t\u01b0\u01a1i \u0111\u1eb9p \u0111\u1ed9c \u0111\u00e1o c\u1ee7a m\u1eb9 thi\u00ean nhi\u00ean.<\/em><\/li>\n\n\n\n<li><em>Th\u01b0\u1edfng th\u1ee9c \u1ea9m th\u1ef1c \u0111\u1eb7c s\u1eafc.<\/em><\/li>\n\n\n\n<li><em>C\u00f9ng t\u00ecm hi\u1ec3u v\u0103n h\u00f3a, con ng\u01b0\u1eddi, b\u00ed quy\u1ebft l\u00e0m n\u00ean \u0111\u1ea5t n\u01b0\u1edbc Nh\u1eadt B\u1ea3n k\u1ef3 di\u1ec7u\u2026<\/em><\/li>\n\n\n\n<li><em>Hay c\u00f9ng \u0111\u1ed3ng h\u00e0nh v\u1edbi c\u00f4ng ty b\u1ea1n l\u00e0m vi\u1ec7c, t\u1ed5 ch\u1ee9c s\u1ef1 ki\u1ec7n, h\u1ecdp h\u00e0nh\u2026 c\u00f9ng \u0111\u1ed1i t\u00e1c.<\/em><\/li>\n<\/ul>\n\n\n\n<p>Ch\u00fang t\u00f4i t\u1ed5 ch\u1ee9c t\u1eeb nh\u00f3m gia \u0111\u00ecnh, nh\u00f3m b\u1ea1n th\u00e2n \u0111\u1ebfn nh\u1eefng nh\u00f3m l\u1edbn h\u01a1n.<\/p>\n<\/div>\n\n\n\n<div class=\"wp-block-column is-vertically-aligned-center is-layout-flow wp-block-column-is-layout-flow\">\n<p class=\"has-text-align-center has-large-font-size\"><\/p>\n\n\n\n<div class=\"wp-block-cover is-light\" style=\"min-height:430px;aspect-ratio:unset;\"><span aria-hidden=\"true\" class=\"wp-block-cover__background has-background-dim-10 has-background-dim\"><\/span><img decoding=\"async\" class=\"wp-block-cover__image-background wp-image-312\" alt=\"\" src=\"https:\/\/edo-business.jp\/wp-content\/uploads\/2023\/09\/EDO-Business-Tourist.png\" data-object-fit=\"cover\"\/><div class=\"wp-block-cover__inner-container is-layout-flow wp-block-cover-is-layout-flow\">\n<p class=\"has-text-align-center has-large-font-size\"><\/p>\n<\/div><\/div>\n<\/div>\n<\/div>\n\n\n\n<div class=\"wp-block-media-text is-stacked-on-mobile\"><figure class=\"wp-block-media-text__media\"><video controls src=\"https:\/\/www.edo-business.jp\/wp-content\/uploads\/2024\/05\/Beauty-Japan.mp4\"><\/video><\/figure><div class=\"wp-block-media-text__content\">\n<p>V\u1edbi kinh nghi\u1ec7m nhi\u1ec1u n\u0103m trong ngh\u00e0nh du l\u1ecbch, cung c\u1ea5p c\u00e1c d\u1ecbch v\u1ee5 tr\u00ean kh\u1eafp m\u1ecdi mi\u1ec1n Nh\u1eadt B\u1ea3n. Nhi\u1ec1u n\u0103m h\u1ecdc h\u1ecfi t\u00ecm t\u00f2i th\u0103ng tr\u1ea7m tr\u00ean \u0111\u1ea5t b\u1ea1n, ch\u00fang t\u00f4i s\u1ebd l\u00e0m cho chuy\u1ebfn \u0111i c\u1ee7a b\u1ea1n th\u00e0nh c\u00f4ng \u0111\u1ea7y \u00fd ngh\u0129a.<\/p>\n<\/div><\/div>\n\n\n\n<p><\/p>\n\n\n\n<p><\/p>\n\n\n\n<p><\/p>\n\n\n\n<div class=\"wp-block-media-text is-stacked-on-mobile\" style=\"grid-template-columns:85% auto\"><figure class=\"wp-block-media-text__media\"><video controls src=\"https:\/\/www.edo-business.jp\/wp-content\/uploads\/2024\/06\/Beautiful-Japan.mp4\"><\/video><\/figure><div class=\"wp-block-media-text__content\">\n<p><\/p>\n<\/div><\/div>\n","protected":false},"excerpt":{"rendered":"<p>Ch\u00fang t\u00f4i t\u1ed5 ch\u1ee9c t\u1eeb nh\u00f3m gia \u0111\u00ecnh, nh\u00f3m b\u1ea1n th\u00e2n \u0111\u1ebfn nh\u1eefng nh\u00f3m l\u1edbn h\u01a1n. V\u1edbi kinh nghi\u1ec7m nhi\u1ec1u n\u0103m trong ngh\u00e0nh du l\u1ecbch, cung c\u1ea5p c\u00e1c d\u1ecbch v\u1ee5 tr\u00ean kh\u1eafp m\u1ecdi mi\u1ec1n Nh\u1eadt B\u1ea3n. Nhi\u1ec1u n\u0103m h\u1ecdc h\u1ecfi t\u00ecm t\u00f2i th\u0103ng tr\u1ea7m tr\u00ean \u0111\u1ea5t b\u1ea1n, ch\u00fang t\u00f4i s\u1ebd l\u00e0m cho chuy\u1ebfn \u0111i c\u1ee7a [&hellip;]<\/p>\n","protected":false},"author":1,"featured_media":0,"parent":0,"menu_order":0,"comment_status":"closed","ping_status":"closed","template":"","meta":{"_locale":"vi","_original_post":"https:\/\/edo-business.jp\/?page_id=142","vkexunit_cta_each_option":"","footnotes":""},"class_list":["post-145","page","type-page","status-publish","has-post-thumbnail","hentry","vi"],"_links":{"self":[{"href":"https:\/\/www.edo-business.jp\/wp-json\/wp\/v2\/pages\/145","targetHints":{"allow":["GET"]}}],"collection":[{"href":"https:\/\/www.edo-business.jp\/wp-json\/wp\/v2\/pages"}],"about":[{"href":"https:\/\/www.edo-business.jp\/wp-json\/wp\/v2\/types\/page"}],"author":[{"embeddable":true,"href":"https:\/\/www.edo-business.jp\/wp-json\/wp\/v2\/users\/1"}],"replies":[{"embeddable":true,"href":"https:\/\/www.edo-business.jp\/wp-json\/wp\/v2\/comments?post=145"}],"version-history":[{"count":20,"href":"https:\/\/www.edo-business.jp\/wp-json\/wp\/v2\/pages\/145\/revisions"}],"predecessor-version":[{"id":751,"href":"https:\/\/www.edo-business.jp\/wp-json\/wp\/v2\/pages\/145\/revisions\/751"}],"wp:attachment":[{"href":"https:\/\/www.edo-business.jp\/wp-json\/wp\/v2\/media?parent=145"}],"curies":[{"name":"wp","href":"https:\/\/api.w.org\/{rel}","templated":true}]}}