{"id":64,"date":"2023-09-16T19:57:04","date_gmt":"2023-09-16T10:57:04","guid":{"rendered":"https:\/\/edo-business.jp\/?page_id=64"},"modified":"2023-09-21T00:40:56","modified_gmt":"2023-09-20T15:40:56","slug":"business","status":"publish","type":"page","link":"https:\/\/www.edo-business.jp\/vi\/business\/","title":{"rendered":"Kinh doanh"},"content":{"rendered":"\n<hr class=\"wp-block-separator has-css-opacity is-style-default\"\/>\n\n\n\n<div class=\"wp-block-group is-layout-constrained wp-block-group-is-layout-constrained\">\n<div class=\"wp-block-columns are-vertically-aligned-center vk-cols--reverse vk-cols--fit vk-cols--grid is-layout-flex wp-container-core-columns-is-layout-28f84493 wp-block-columns-is-layout-flex\">\n<div class=\"wp-block-column is-vertically-aligned-center is-layout-flow wp-block-column-is-layout-flow\" style=\"padding-top:3em;padding-right:0em;padding-bottom:3em;padding-left:3em\">\n<h3 class=\"wp-block-heading\" style=\"font-size:24px;line-height:1.3\"><strong><a href=\"https:\/\/www.edo-business.jp\/vi\/medical_services\/\">D\u1ecbch v\u1ee5 y t\u1ebf<\/a><\/strong><\/h3>\n\n\n\n<p>D\u1ecbch v\u1ee5 ch\u0103m s\u00f3c s\u1ee9c kh\u1ecfe g\u1ed3m \u0111\u1ed9i ng\u0169 b\u00e1c s\u1ef9 t\u01b0 v\u1ea5n t\u1ed1t nghi\u1ec7p \u0110\u1ea1i h\u1ecdc y khoa h\u00e0ng \u0111\u1ea7u Nh\u1eadt B\u1ea3n, \u0111\u1ed9i ng\u0169 \u0111i\u1ec1u ph\u1ed1i vi\u00ean y t\u1ebf, \u0111\u1ed9i ng\u0169 phi\u00ean d\u1ecbch y t\u1ebf d\u1ea1n d\u00e0y kinh nghi\u1ec7m. <\/p>\n\n\n\n<p>T\u01b0 v\u1ea5n ch\u0103m s\u00f3c s\u1ee9c kh\u1ecfe v\u00e0 k\u1ebft n\u1ed1i b\u1ea1n v\u1edbi h\u1ec7 th\u1ed1ng b\u1ec7nh vi\u1ec7n t\u1ed1t nh\u1ea5t, \u0111\u1ed9i ng\u0169 y h\u1ecdc chuy\u00ean m\u00f4n ti\u00ean ti\u1ebfn nh\u1ea5t, ph\u00f9 h\u1ee3p nh\u1ea5t cho s\u1ee9c kh\u1ecfe c\u1ee7a b\u1ea1n.<\/p>\n<\/div>\n\n\n\n<div class=\"wp-block-column is-vertically-aligned-center is-layout-flow wp-block-column-is-layout-flow\">\n<div class=\"wp-block-cover is-light\" style=\"min-height:430px;aspect-ratio:unset;\"><span aria-hidden=\"true\" class=\"wp-block-cover__background has-background-dim-10 has-background-dim\"><\/span><img decoding=\"async\" class=\"wp-block-cover__image-background wp-image-317\" alt=\"\" src=\"https:\/\/edo-business.jp\/wp-content\/uploads\/2023\/09\/EDO-Business-Medical.png\" data-object-fit=\"cover\"\/><div class=\"wp-block-cover__inner-container is-layout-flow wp-block-cover-is-layout-flow\">\n<p class=\"has-text-align-center has-large-font-size\"><\/p>\n<\/div><\/div>\n<\/div>\n<\/div>\n\n\n\n<div class=\"wp-block-columns are-vertically-aligned-center vk-cols--fit vk-cols--grid is-layout-flex wp-container-core-columns-is-layout-28f84493 wp-block-columns-is-layout-flex\">\n<div class=\"wp-block-column is-vertically-aligned-center is-layout-flow wp-block-column-is-layout-flow\" style=\"padding-top:3em;padding-right:3em;padding-bottom:3em;padding-left:0em\">\n<h2 class=\"wp-block-heading is-style-vk-heading-plain\" id=\"\u901a\u5e38\u5e45\u30ab\u30e9\u30e0\u80cc\u666f\u5857\u308a\u306a\u3057\">\u3000\u3000<\/h2>\n\n\n\n<h3 class=\"wp-block-heading\" style=\"font-size:24px;line-height:1.3\"><strong><a href=\"https:\/\/www.edo-business.jp\/vi\/touris_services\/\">D\u1ecbch v\u1ee5 du l\u1ecbch<\/a><\/strong><\/h3>\n\n\n\n<p>#<\/p>\n\n\n\n<p><\/p>\n<\/div>\n\n\n\n<div class=\"wp-block-column is-vertically-aligned-center is-layout-flow wp-block-column-is-layout-flow\">\n<div class=\"wp-block-cover is-light\" style=\"min-height:430px;aspect-ratio:unset;\"><span aria-hidden=\"true\" class=\"wp-block-cover__background has-background-dim-10 has-background-dim\"><\/span><img decoding=\"async\" class=\"wp-block-cover__image-background wp-image-312\" alt=\"\" src=\"https:\/\/edo-business.jp\/wp-content\/uploads\/2023\/09\/EDO-Business-Tourist.png\" data-object-fit=\"cover\"\/><div class=\"wp-block-cover__inner-container is-layout-flow wp-block-cover-is-layout-flow\">\n<p class=\"has-text-align-center has-large-font-size\"><\/p>\n<\/div><\/div>\n<\/div>\n<\/div>\n\n\n\n<div class=\"wp-block-columns are-vertically-aligned-center vk-cols--reverse vk-cols--fit vk-cols--grid has-background is-layout-flex wp-container-core-columns-is-layout-28f84493 wp-block-columns-is-layout-flex\" style=\"background-color:#f5f5f5\">\n<div class=\"wp-block-column is-vertically-aligned-center is-layout-flow wp-block-column-is-layout-flow\" style=\"padding-top:3rem;padding-right:3rem;padding-bottom:3rem;padding-left:3rem\">\n<h3 class=\"wp-block-heading\" style=\"font-size:24px;line-height:1.3\"><strong><a href=\"https:\/\/www.edo-business.jp\/vi\/software_develop\/\">Ph\u00e1t tri\u1ec3n ph\u1ea7n m\u1ec1m<\/a><\/strong><\/h3>\n\n\n\n<p>#<\/p>\n\n\n\n<p><\/p>\n<\/div>\n\n\n\n<div class=\"wp-block-column is-vertically-aligned-center is-layout-flow wp-block-column-is-layout-flow\">\n<div class=\"wp-block-cover is-light\" style=\"min-height:430px;aspect-ratio:unset;\"><span aria-hidden=\"true\" class=\"wp-block-cover__background has-background-dim-10 has-background-dim\"><\/span><img decoding=\"async\" class=\"wp-block-cover__image-background wp-image-291\" alt=\"\" src=\"https:\/\/edo-business.jp\/wp-content\/uploads\/2023\/09\/EDO-Business-Software.png\" data-object-fit=\"cover\"\/><div class=\"wp-block-cover__inner-container is-layout-flow wp-block-cover-is-layout-flow\">\n<p class=\"has-text-align-center has-large-font-size\"><\/p>\n<\/div><\/div>\n<\/div>\n<\/div>\n\n\n\n<div class=\"wp-block-group is-layout-constrained wp-block-group-is-layout-constrained\">\n<div class=\"wp-block-columns are-vertically-aligned-center vk-cols--fit vk-cols--grid has-background is-layout-flex wp-container-core-columns-is-layout-28f84493 wp-block-columns-is-layout-flex\" style=\"background-color:#f5f5f5\">\n<div class=\"wp-block-column is-vertically-aligned-center is-layout-flow wp-block-column-is-layout-flow\" style=\"padding-top:3rem;padding-right:3rem;padding-bottom:3rem;padding-left:3rem\">\n<h3 class=\"wp-block-heading\" style=\"font-size:24px;line-height:1.3\"><a href=\"https:\/\/www.edo-business.jp\/vi\/human_resources\/\">Ph\u00e1t tri\u1ec3n nh\u00e2n l\u1ef1c<\/a><\/h3>\n\n\n\n<p>#<\/p>\n\n\n\n<p><\/p>\n<\/div>\n\n\n\n<div class=\"wp-block-column is-vertically-aligned-center is-layout-flow wp-block-column-is-layout-flow\">\n<div class=\"wp-block-cover is-light\" style=\"min-height:430px;aspect-ratio:unset;\"><span aria-hidden=\"true\" class=\"wp-block-cover__background has-background-dim-10 has-background-dim\"><\/span><img decoding=\"async\" class=\"wp-block-cover__image-background wp-image-293\" alt=\"\" src=\"https:\/\/edo-business.jp\/wp-content\/uploads\/2023\/09\/EDO-Business-HRM.png\" data-object-fit=\"cover\"\/><div class=\"wp-block-cover__inner-container is-layout-flow wp-block-cover-is-layout-flow\">\n<p class=\"has-text-align-center has-large-font-size\"><\/p>\n<\/div><\/div>\n<\/div>\n<\/div>\n<\/div>\n\n\n\n<div class=\"wp-block-columns are-vertically-aligned-center vk-cols--reverse vk-cols--fit vk-cols--grid has-background is-layout-flex wp-container-core-columns-is-layout-28f84493 wp-block-columns-is-layout-flex\" style=\"background-color:#f5f5f5\">\n<div class=\"wp-block-column is-vertically-aligned-center is-layout-flow wp-block-column-is-layout-flow\" style=\"padding-top:3rem;padding-right:3rem;padding-bottom:3rem;padding-left:3rem\">\n<h3 class=\"wp-block-heading\" style=\"font-size:24px;line-height:1.3\"><a href=\"https:\/\/www.edo-business.jp\/vi\/import_export\/\">Xu\u1ea5t nh\u1eadp kh\u1ea9u<\/a><\/h3>\n\n\n\n<p>#<\/p>\n\n\n\n<p><\/p>\n<\/div>\n\n\n\n<div class=\"wp-block-column is-vertically-aligned-center is-layout-flow wp-block-column-is-layout-flow\">\n<div class=\"wp-block-cover is-light\" style=\"min-height:430px;aspect-ratio:unset;\"><span aria-hidden=\"true\" class=\"wp-block-cover__background has-background-dim-10 has-background-dim\"><\/span><img decoding=\"async\" class=\"wp-block-cover__image-background wp-image-309\" alt=\"\" src=\"https:\/\/edo-business.jp\/wp-content\/uploads\/2023\/09\/EDO-Business-ExportI_Import.png\" data-object-fit=\"cover\"\/><div class=\"wp-block-cover__inner-container is-layout-flow wp-block-cover-is-layout-flow\">\n<p class=\"has-text-align-center has-large-font-size\"><\/p>\n<\/div><\/div>\n<\/div>\n<\/div>\n<\/div>\n\n\n\n<hr class=\"wp-block-separator has-css-opacity is-style-default\"\/>\n\n\n\n<hr class=\"wp-block-separator has-css-opacity is-style-default\"\/>\n","protected":false},"excerpt":{"rendered":"<p>D\u1ecbch v\u1ee5 y t\u1ebf D\u1ecbch v\u1ee5 ch\u0103m s\u00f3c s\u1ee9c kh\u1ecfe g\u1ed3m \u0111\u1ed9i ng\u0169 b\u00e1c s\u1ef9 t\u01b0 v\u1ea5n t\u1ed1t nghi\u1ec7p \u0110\u1ea1i h\u1ecdc y khoa h\u00e0ng \u0111\u1ea7u Nh\u1eadt B\u1ea3n, \u0111\u1ed9i ng\u0169 \u0111i\u1ec1u ph\u1ed1i vi\u00ean y t\u1ebf, \u0111\u1ed9i ng\u0169 phi\u00ean d\u1ecbch y t\u1ebf d\u1ea1n d\u00e0y kinh nghi\u1ec7m. T\u01b0 v\u1ea5n ch\u0103m s\u00f3c s\u1ee9c kh\u1ecfe v\u00e0 k\u1ebft n\u1ed1i b\u1ea1n v\u1edbi [&hellip;]<\/p>\n","protected":false},"author":1,"featured_media":0,"parent":0,"menu_order":0,"comment_status":"closed","ping_status":"closed","template":"","meta":{"_locale":"vi","_original_post":"https:\/\/edo-business.jp\/?page_id=5","vkexunit_cta_each_option":"disable","footnotes":""},"class_list":["post-64","page","type-page","status-publish","has-post-thumbnail","hentry","vi"],"_links":{"self":[{"href":"https:\/\/www.edo-business.jp\/wp-json\/wp\/v2\/pages\/64","targetHints":{"allow":["GET"]}}],"collection":[{"href":"https:\/\/www.edo-business.jp\/wp-json\/wp\/v2\/pages"}],"about":[{"href":"https:\/\/www.edo-business.jp\/wp-json\/wp\/v2\/types\/page"}],"author":[{"embeddable":true,"href":"https:\/\/www.edo-business.jp\/wp-json\/wp\/v2\/users\/1"}],"replies":[{"embeddable":true,"href":"https:\/\/www.edo-business.jp\/wp-json\/wp\/v2\/comments?post=64"}],"version-history":[{"count":34,"href":"https:\/\/www.edo-business.jp\/wp-json\/wp\/v2\/pages\/64\/revisions"}],"predecessor-version":[{"id":518,"href":"https:\/\/www.edo-business.jp\/wp-json\/wp\/v2\/pages\/64\/revisions\/518"}],"wp:attachment":[{"href":"https:\/\/www.edo-business.jp\/wp-json\/wp\/v2\/media?parent=64"}],"curies":[{"name":"wp","href":"https:\/\/api.w.org\/{rel}","templated":true}]}}