{"id":65,"date":"2023-09-16T19:20:58","date_gmt":"2023-09-16T10:20:58","guid":{"rendered":"https:\/\/edo-business.jp\/?page_id=65"},"modified":"2024-05-17T19:26:55","modified_gmt":"2024-05-17T10:26:55","slug":"company","status":"publish","type":"page","link":"https:\/\/www.edo-business.jp\/vi\/company\/","title":{"rendered":"C\u00f4ng ty"},"content":{"rendered":"\n<figure class=\"wp-block-table is-style-vk-table-border-stripes has-regular-font-size\"><table><tbody><tr><td>T\u00ean c\u00f4ng ty<\/td><td>EDO Business<\/td><\/tr><tr><td>CEO<\/td><td>LE THI THUY HOA<\/td><\/tr><tr><td>Li\u00ean l\u1ea1c<\/td><td>Tel \/ Fax\uff1a03-6458-9338<br>Email\uff1acontact@edo-business.jp<\/td><\/tr><tr><td>Kinh doanh<\/td><td>\u30fbD\u1ecbch v\u1ee5 y t\u1ebf<br>\u30fbD\u1ecbch v\u1ee5 du l\u1ecbch<br>\u30fbPh\u00e1t tri\u1ec3n ph\u1ea7n m\u1ec1m<br>\u30fbPh\u00e1t tri\u1ec3n nh\u00e2n l\u1ef1c<br>\u30fbXu\u1ea5t nh\u1eadp kh\u1ea9u<\/td><\/tr><\/tbody><\/table><\/figure>\n","protected":false},"excerpt":{"rendered":"<p>T\u00ean c\u00f4ng ty EDO Business CEO LE THI THUY HOA Li\u00ean l\u1ea1c Tel \/ Fax\uff1a03-6458-9338Email\uff1acontact@edo-business.jp Kinh doanh \u30fbD\u1ecbch v\u1ee5 y t\u1ebf\u30fbD\u1ecbch v\u1ee5 du l\u1ecbch\u30fbPh\u00e1t tri\u1ec3n ph\u1ea7n m\u1ec1m\u30fbPh\u00e1t tri\u1ec3n nh\u00e2n l\u1ef1c\u30fbXu\u1ea5t nh\u1eadp kh\u1ea9u<\/p>\n","protected":false},"author":1,"featured_media":0,"parent":0,"menu_order":0,"comment_status":"closed","ping_status":"closed","template":"","meta":{"_locale":"vi","_original_post":"https:\/\/edo-business.jp\/?page_id=6","vkexunit_cta_each_option":"disable","footnotes":""},"class_list":["post-65","page","type-page","status-publish","has-post-thumbnail","hentry","vi"],"_links":{"self":[{"href":"https:\/\/www.edo-business.jp\/wp-json\/wp\/v2\/pages\/65","targetHints":{"allow":["GET"]}}],"collection":[{"href":"https:\/\/www.edo-business.jp\/wp-json\/wp\/v2\/pages"}],"about":[{"href":"https:\/\/www.edo-business.jp\/wp-json\/wp\/v2\/types\/page"}],"author":[{"embeddable":true,"href":"https:\/\/www.edo-business.jp\/wp-json\/wp\/v2\/users\/1"}],"replies":[{"embeddable":true,"href":"https:\/\/www.edo-business.jp\/wp-json\/wp\/v2\/comments?post=65"}],"version-history":[{"count":15,"href":"https:\/\/www.edo-business.jp\/wp-json\/wp\/v2\/pages\/65\/revisions"}],"predecessor-version":[{"id":672,"href":"https:\/\/www.edo-business.jp\/wp-json\/wp\/v2\/pages\/65\/revisions\/672"}],"wp:attachment":[{"href":"https:\/\/www.edo-business.jp\/wp-json\/wp\/v2\/media?parent=65"}],"curies":[{"name":"wp","href":"https:\/\/api.w.org\/{rel}","templated":true}]}}